{"id":202,"date":"2022-06-21T09:57:40","date_gmt":"2022-06-21T07:57:40","guid":{"rendered":"https:\/\/rentacarpanzer.com\/blog\/?page_id=202"},"modified":"2026-02-12T20:29:22","modified_gmt":"2026-02-12T19:29:22","slug":"pagina-de-inicio","status":"publish","type":"page","link":"https:\/\/rentacarpanzer.com\/blog\/","title":{"rendered":"P\u00e1gina de inicio"},"content":{"rendered":"\t\t<div data-elementor-type=\"wp-page\" data-elementor-id=\"202\" class=\"elementor elementor-202\">\n\t\t\t\t\t\t<section class=\"elementor-section elementor-top-section elementor-element elementor-element-4d8a925 elementor-section-full_width elementor-section-stretched elementor-section-height-default elementor-section-height-default\" data-id=\"4d8a925\" data-element_type=\"section\" data-settings=\"{&quot;stretch_section&quot;:&quot;section-stretched&quot;,&quot;background_background&quot;:&quot;slideshow&quot;,&quot;background_slideshow_gallery&quot;:[{&quot;id&quot;:1172,&quot;url&quot;:&quot;https:\\\/\\\/rentacarpanzer.com\\\/blog\\\/wp-content\\\/uploads\\\/2022\\\/06\\\/fiat-tipo-street-scaled.webp&quot;}],&quot;background_slideshow_transition_duration&quot;:2000,&quot;background_slideshow_ken_burns&quot;:&quot;yes&quot;,&quot;background_slideshow_ken_burns_zoom_direction&quot;:&quot;out&quot;,&quot;animation&quot;:&quot;none&quot;,&quot;background_slideshow_loop&quot;:&quot;yes&quot;,&quot;background_slideshow_slide_duration&quot;:5000,&quot;background_slideshow_slide_transition&quot;:&quot;fade&quot;}\">\n\t\t\t\t\t\t\t<div class=\"elementor-background-overlay\"><\/div>\n\t\t\t\t\t\t\t<div class=\"elementor-container elementor-column-gap-default\">\n\t\t\t\t\t<div class=\"elementor-column elementor-col-100 elementor-top-column elementor-element elementor-element-67e41dc\" data-id=\"67e41dc\" data-element_type=\"column\">\n\t\t\t<div class=\"elementor-widget-wrap elementor-element-populated\">\n\t\t\t\t\t\t\t<\/div>\n\t\t<\/div>\n\t\t\t\t\t<\/div>\n\t\t<\/section>\n\t\t\t\t<section class=\"elementor-section elementor-top-section elementor-element elementor-element-f822cf7 elementor-section-boxed elementor-section-height-default elementor-section-height-default\" data-id=\"f822cf7\" data-element_type=\"section\">\n\t\t\t\t\t\t<div class=\"elementor-container elementor-column-gap-default\">\n\t\t\t\t\t<div class=\"elementor-column elementor-col-100 elementor-top-column elementor-element elementor-element-096899d\" data-id=\"096899d\" data-element_type=\"column\">\n\t\t\t<div class=\"elementor-widget-wrap elementor-element-populated\">\n\t\t\t\t\t\t<div class=\"elementor-element elementor-element-518b065 elementor-widget elementor-widget-text-editor\" data-id=\"518b065\" data-element_type=\"widget\" data-widget_type=\"text-editor.default\">\n\t\t\t\t<div class=\"elementor-widget-container\">\n\t\t\t\t\t\t\t\t\t<h2 style=\"text-align: center;\">ALQUILER DE VEH\u00cdCULOS\u00a0 EN GARRUCHA, MOJ\u00c1CAR Y VERA.<\/h2><h3 style=\"text-align: center;\">En Rent a Car PANZER podr\u00e1 encontrar veh\u00edculos de pasajeros y furgonetas de carga de todas las categorias, ofrecemos alquiler a corto y largo plazo. Renting de turismos y industriales.<\/h3><p style=\"text-align: center;\">\u00a0Entregamos veh\u00edculos a domicilio (Consulte condiciones)\u00a0\u00a0<\/p><p style=\"text-align: center;\">\u00a0<\/p>\t\t\t\t\t\t\t\t<\/div>\n\t\t\t\t<\/div>\n\t\t\t\t\t<\/div>\n\t\t<\/div>\n\t\t\t\t\t<\/div>\n\t\t<\/section>\n\t\t\t\t<section class=\"elementor-section elementor-top-section elementor-element elementor-element-429c03b elementor-section-boxed elementor-section-height-default elementor-section-height-default\" data-id=\"429c03b\" data-element_type=\"section\">\n\t\t\t\t\t\t<div class=\"elementor-container elementor-column-gap-default\">\n\t\t\t\t\t<div class=\"elementor-column elementor-col-100 elementor-top-column elementor-element elementor-element-86c7a12\" data-id=\"86c7a12\" data-element_type=\"column\">\n\t\t\t<div class=\"elementor-widget-wrap elementor-element-populated\">\n\t\t\t\t\t\t<div class=\"elementor-element elementor-element-91a0c27 elementor-widget elementor-widget-heading\" data-id=\"91a0c27\" data-element_type=\"widget\" data-widget_type=\"heading.default\">\n\t\t\t\t<div class=\"elementor-widget-container\">\n\t\t\t\t\t<h2 class=\"elementor-heading-title elementor-size-default\"><h2 data-elementor-setting-key=\"title\" data-pen-placeholder=\"Teclea aqu\u00ed...\" style=\", sans-serif;font-size: 27px;font-style: normal;font-weight: 600;text-align: center\">BUSCAS COCHE ?<span style=\"font-family: Roboto, sans-serif;font-size: 20px;font-weight: 600\"><\/span><\/h2><\/h2>\t\t\t\t<\/div>\n\t\t\t\t<\/div>\n\t\t\t\t\t<\/div>\n\t\t<\/div>\n\t\t\t\t\t<\/div>\n\t\t<\/section>\n\t\t\t\t<section class=\"elementor-section elementor-top-section elementor-element elementor-element-7d4fa6f elementor-section-boxed elementor-section-height-default elementor-section-height-default\" data-id=\"7d4fa6f\" data-element_type=\"section\">\n\t\t\t\t\t\t<div class=\"elementor-container elementor-column-gap-default\">\n\t\t\t\t\t<div class=\"elementor-column elementor-col-100 elementor-top-column elementor-element elementor-element-5f57739\" data-id=\"5f57739\" data-element_type=\"column\">\n\t\t\t<div class=\"elementor-widget-wrap elementor-element-populated\">\n\t\t\t\t\t\t<div class=\"elementor-element elementor-element-c7d0cea elementor-widget elementor-widget-wp-widget-mod_vikrentcar_cars\" data-id=\"c7d0cea\" data-element_type=\"widget\" data-widget_type=\"wp-widget-mod_vikrentcar_cars.default\">\n\t\t\t\t<div class=\"elementor-widget-container\">\n\t\t\t\t\t<h5>Coches disponibles hoy:<\/h5><div class=\"vrcmodcarsgridcontainer column-container container-fluid\">\n\t<div>\n\t\t<div id=\"vrc-modcars-338\" class=\"vrcmodcarsgridcont-items vrcmodcarsgridhorizontal row-fluid\">\n\t\t\t\t\t<div class=\"vrc-modcars-item vrc-modcars-grid-item\" style=\"width: 25%;\" data-groups='[\"5p\"]'>\n\n\t\t\t\t<figure class=\"vrcmodcarsgridcont-item\">\n\t\t\t\t\t<div class=\"vrcmodcarsgridboxdiv\">\t\n\t\t\t\t\t\t\t\t\t\t\t\t<a href=\"https:\/\/rentacarpanzer.com\/blog\/?page_id=1232&amp;view=cardetails&amp;carid=3\" title=\"Fiat Tipo\"><img decoding=\"async\" src=\"https:\/\/rentacarpanzer.com\/blog\/wp-content\/plugins\/vikrentcar\/admin\/resources\/fiat-tipo-street.webp\" alt=\"Fiat Tipo\" class=\"vrcmodcarsgridimg\"\/><\/a>\n\t\t\t\t\t\t\t\t\t\t\t\t<div class=\"vrcmodcarsgrid-item_details\">\n\t\t\t\t\t\t\t\t\t\t\t\t<div class=\"vrcmodcarsgrid-item_cat\">5p<\/div>\n\t\t\t\t\t\t\t\t\t\t\t\t<figcaption class=\"vrcmodcarsgrid-item_title\">Fiat Tipo<\/figcaption>\n\t\t\t\t        \t\t\t\t\t\t\t\t\t\t\t\t<div class=\"vrcmodcarsgrid-box-cost\">\n\t\t\t\t\t\t\t<span class=\"vrcmodcarsgridstartfrom\">Starting from<\/span>\n\t\t\t\t\t\t\t<span class=\"vrcmodcarsgridcarcost\"><span class=\"vrc_currency\">\u20ac<\/span> <span class=\"vrc_price\">60.00<\/span><\/span>\n\t\t\t\t\t\t<\/div>\n\t\t\t\t\t\t\t\t\t\t        <\/div>\n\t\t\t\t\t\t<div class=\"vrcmodcarsgridview\">\n\t\t\t\t\t\t\t<a class=\"btn btn-vrcmodcarsgrid-btn vrc-pref-color-btn\" href=\"https:\/\/rentacarpanzer.com\/blog\/?page_id=1232&amp;view=cardetails&amp;carid=3\" title=\"\">Continue<\/a>\n\t\t\t\t\t\t<\/div>\n\t\t\t\t\t\t<div class=\"vrcmodcarsgrid-item-btm\">\n\t\t\t\t\t\t\t<div class=\"vrcmodcarsgrid-item_carat\"><div class=\"vrccaratsdiv\"><div class=\"vrccarcarat\"><span class=\"vrc-carat-cont\"><span class=\"vrc-expl\" data-vrc-expl=\"A\/C\"><i class=\"fas fa-snowflake\"><\/i><\/span><\/span>\n<\/div><div class=\"vrccarcarat\"><span class=\"vrc-carat-cont\"><span class=\"vrc-expl\" data-vrc-expl=\"5 Passengers\"><i class=\"fas fa-user\"><\/i><\/span><\/span>\n<\/div><div class=\"vrccarcarat\"><span class=\"vrc-carat-cont\"><span class=\"vrc-expl\" data-vrc-expl=\"3x Luggage\"><i class=\"fas fa-suitcase\"><\/i><\/span><\/span>\n<\/div><\/div>\n<\/div>\n\t\t\t\t\t\t<\/div>\n\t\t\t\t\t<\/div>\t\n\t\t\t\t<\/figure>\n\t\t\t<\/div>\n\t\t\t\t\t<\/div>\n\t<\/div>\n<\/div>\n\n\t\t\t\t<\/div>\n\t\t\t\t<\/div>\n\t\t\t\t\t<\/div>\n\t\t<\/div>\n\t\t\t\t\t<\/div>\n\t\t<\/section>\n\t\t\t\t<section class=\"elementor-section elementor-top-section elementor-element elementor-element-ff9fc97 elementor-section-boxed elementor-section-height-default elementor-section-height-default\" data-id=\"ff9fc97\" data-element_type=\"section\">\n\t\t\t\t\t\t<div class=\"elementor-container elementor-column-gap-default\">\n\t\t\t\t\t<div class=\"elementor-column elementor-col-100 elementor-top-column elementor-element elementor-element-3a6f330\" data-id=\"3a6f330\" data-element_type=\"column\">\n\t\t\t<div class=\"elementor-widget-wrap elementor-element-populated\">\n\t\t\t\t\t\t<div class=\"elementor-element elementor-element-2e3756f elementor-widget elementor-widget-heading\" data-id=\"2e3756f\" data-element_type=\"widget\" data-widget_type=\"heading.default\">\n\t\t\t\t<div class=\"elementor-widget-container\">\n\t\t\t\t\t<h2 class=\"elementor-heading-title elementor-size-medium\">ALQUILER DE COCHE EN GARRUCHA, VERA Y MOJ\u00c1CAR<\/h2>\t\t\t\t<\/div>\n\t\t\t\t<\/div>\n\t\t\t\t<div class=\"elementor-element elementor-element-7d85607 elementor-widget elementor-widget-text-editor\" data-id=\"7d85607\" data-element_type=\"widget\" data-widget_type=\"text-editor.default\">\n\t\t\t\t<div class=\"elementor-widget-container\">\n\t\t\t\t\t\t\t\t\t<section id=\"shopify-section-template--16011087282395__rich_text\" class=\"shopify-section section\"><div class=\"isolate\"><div class=\"rich-text content-container color-background-1 gradient rich-text--full-width content-container--full-width section-template--16011087282395__rich_text-padding\"><div class=\"rich-text__blocks\"><div class=\"rich-text__text rte\"><p>Somos asesores profesionales para ayudarte encontrar coche de la mejor calidad a precios imbatibles<\/p><\/div><\/div><\/div><\/div><\/section>\t\t\t\t\t\t\t\t<\/div>\n\t\t\t\t<\/div>\n\t\t\t\t\t<\/div>\n\t\t<\/div>\n\t\t\t\t\t<\/div>\n\t\t<\/section>\n\t\t\t\t<section class=\"elementor-section elementor-top-section elementor-element elementor-element-27e6fd2a elementor-section-boxed elementor-section-height-default elementor-section-height-default\" data-id=\"27e6fd2a\" data-element_type=\"section\" id=\"contact-section\" data-settings=\"{&quot;background_background&quot;:&quot;classic&quot;}\">\n\t\t\t\t\t\t<div class=\"elementor-container elementor-column-gap-default\">\n\t\t\t\t\t<div class=\"elementor-column elementor-col-100 elementor-top-column elementor-element elementor-element-2b08ffe9 p-0\" data-id=\"2b08ffe9\" data-element_type=\"column\">\n\t\t\t<div class=\"elementor-widget-wrap elementor-element-populated\">\n\t\t\t\t\t\t<div class=\"elementor-element elementor-element-76e2c13c elementor-widget__width-auto elementor-absolute elementor-hidden-tablet elementor-hidden-phone elementor-invisible elementor-widget elementor-widget-image\" data-id=\"76e2c13c\" data-element_type=\"widget\" data-settings=\"{&quot;_position&quot;:&quot;absolute&quot;,&quot;_animation&quot;:&quot;fadeInLeft&quot;}\" data-widget_type=\"image.default\">\n\t\t\t\t<div class=\"elementor-widget-container\">\n\t\t\t\t\t\t\t\t\t\t\t\t\t\t\t<img fetchpriority=\"high\" decoding=\"async\" width=\"1058\" height=\"1058\" src=\"https:\/\/rentacarpanzer.com\/blog\/wp-content\/uploads\/2023\/01\/Group-6.png\" class=\"attachment-full size-full wp-image-1037\" alt=\"\" srcset=\"https:\/\/rentacarpanzer.com\/blog\/wp-content\/uploads\/2023\/01\/Group-6.png 1058w, https:\/\/rentacarpanzer.com\/blog\/wp-content\/uploads\/2023\/01\/Group-6-300x300.png 300w, https:\/\/rentacarpanzer.com\/blog\/wp-content\/uploads\/2023\/01\/Group-6-1024x1024.png 1024w, https:\/\/rentacarpanzer.com\/blog\/wp-content\/uploads\/2023\/01\/Group-6-150x150.png 150w, https:\/\/rentacarpanzer.com\/blog\/wp-content\/uploads\/2023\/01\/Group-6-768x768.png 768w, https:\/\/rentacarpanzer.com\/blog\/wp-content\/uploads\/2023\/01\/Group-6-600x600.png 600w, https:\/\/rentacarpanzer.com\/blog\/wp-content\/uploads\/2023\/01\/Group-6-100x100.png 100w\" sizes=\"(max-width: 1058px) 100vw, 1058px\" \/>\t\t\t\t\t\t\t\t\t\t\t\t\t\t\t<\/div>\n\t\t\t\t<\/div>\n\t\t\t\t<section class=\"elementor-section elementor-inner-section elementor-element elementor-element-6967eaf2 elementor-section-boxed elementor-section-height-default elementor-section-height-default elementor-invisible\" data-id=\"6967eaf2\" data-element_type=\"section\" data-settings=\"{&quot;animation&quot;:&quot;fadeInUp&quot;}\">\n\t\t\t\t\t\t<div class=\"elementor-container elementor-column-gap-default\">\n\t\t\t\t\t<div class=\"elementor-column elementor-col-100 elementor-inner-column elementor-element elementor-element-9679148\" data-id=\"9679148\" data-element_type=\"column\">\n\t\t\t<div class=\"elementor-widget-wrap elementor-element-populated\">\n\t\t\t\t\t\t<div class=\"elementor-element elementor-element-251d9849 elementor-widget elementor-widget-heading\" data-id=\"251d9849\" data-element_type=\"widget\" data-widget_type=\"heading.default\">\n\t\t\t\t<div class=\"elementor-widget-container\">\n\t\t\t\t\t<h2 class=\"elementor-heading-title elementor-size-default\">\u00bfNecesitas un coche a Domicilio?<\/h2>\t\t\t\t<\/div>\n\t\t\t\t<\/div>\n\t\t\t\t<div class=\"elementor-element elementor-element-5f8180b9 elementor-widget elementor-widget-text-editor\" data-id=\"5f8180b9\" data-element_type=\"widget\" data-widget_type=\"text-editor.default\">\n\t\t\t\t<div class=\"elementor-widget-container\">\n\t\t\t\t\t\t\t\t\t<p>Con nuestro servicio a domicilio le entregaremos su cuche en hotel o residencia para su mayor comodidad.<\/p>\t\t\t\t\t\t\t\t<\/div>\n\t\t\t\t<\/div>\n\t\t\t\t\t<\/div>\n\t\t<\/div>\n\t\t\t\t\t<\/div>\n\t\t<\/section>\n\t\t\t\t<div class=\"elementor-element elementor-element-353a4c8f elementor-widget__width-auto elementor-absolute elementor-hidden-phone elementor-hidden-tablet elementor-widget elementor-widget-image\" data-id=\"353a4c8f\" data-element_type=\"widget\" data-settings=\"{&quot;_position&quot;:&quot;absolute&quot;}\" data-widget_type=\"image.default\">\n\t\t\t\t<div class=\"elementor-widget-container\">\n\t\t\t\t\t\t\t\t\t\t\t\t\t\t\t<img decoding=\"async\" width=\"170\" height=\"180\" src=\"https:\/\/rentacarpanzer.com\/blog\/wp-content\/uploads\/2023\/01\/Group-1-copy.png\" class=\"attachment-large size-large wp-image-1038\" alt=\"\" \/>\t\t\t\t\t\t\t\t\t\t\t\t\t\t\t<\/div>\n\t\t\t\t<\/div>\n\t\t\t\t<div class=\"elementor-element elementor-element-35d7bdbd elementor-widget__width-auto elementor-absolute elementor-hidden-phone elementor-hidden-tablet elementor-widget elementor-widget-image\" data-id=\"35d7bdbd\" data-element_type=\"widget\" data-settings=\"{&quot;_position&quot;:&quot;absolute&quot;}\" data-widget_type=\"image.default\">\n\t\t\t\t<div class=\"elementor-widget-container\">\n\t\t\t\t\t\t\t\t\t\t\t\t\t\t\t<img decoding=\"async\" width=\"64\" height=\"62\" src=\"https:\/\/rentacarpanzer.com\/blog\/wp-content\/uploads\/2023\/01\/Shape-1-copy-4.png\" class=\"attachment-large size-large wp-image-1039\" alt=\"\" \/>\t\t\t\t\t\t\t\t\t\t\t\t\t\t\t<\/div>\n\t\t\t\t<\/div>\n\t\t\t\t\t<\/div>\n\t\t<\/div>\n\t\t\t\t\t<\/div>\n\t\t<\/section>\n\t\t\t\t<\/div>\n\t\t","protected":false},"excerpt":{"rendered":"<p>ALQUILER DE VEH\u00cdCULOS\u00a0 EN GARRUCHA, MOJ\u00c1CAR Y VERA. En Rent a Car PANZER podr\u00e1 encontrar veh\u00edculos de pasajeros y furgonetas de carga de todas las categorias, ofrecemos alquiler a corto y largo plazo. Renting de turismos y industriales. \u00a0Entregamos veh\u00edculos a domicilio (Consulte condiciones)\u00a0\u00a0 \u00a0 BUSCAS COCHE ? ALQUILER DE COCHE EN GARRUCHA, VERA Y [&hellip;]<\/p>\n","protected":false},"author":1,"featured_media":0,"parent":0,"menu_order":0,"comment_status":"closed","ping_status":"closed","template":"elementor_header_footer","meta":{"_eb_attr":"","ocean_post_layout":"full-width","ocean_both_sidebars_style":"","ocean_both_sidebars_content_width":0,"ocean_both_sidebars_sidebars_width":0,"ocean_sidebar":"0","ocean_second_sidebar":"0","ocean_disable_margins":"on","ocean_add_body_class":"","ocean_shortcode_before_top_bar":"","ocean_shortcode_after_top_bar":"","ocean_shortcode_before_header":"","ocean_shortcode_after_header":"","ocean_has_shortcode":"","ocean_shortcode_after_title":"","ocean_shortcode_before_footer_widgets":"","ocean_shortcode_after_footer_widgets":"","ocean_shortcode_before_footer_bottom":"","ocean_shortcode_after_footer_bottom":"","ocean_display_top_bar":"off","ocean_display_header":"default","ocean_header_style":"","ocean_center_header_left_menu":"0","ocean_custom_header_template":"0","ocean_custom_logo":0,"ocean_custom_retina_logo":0,"ocean_custom_logo_max_width":0,"ocean_custom_logo_tablet_max_width":0,"ocean_custom_logo_mobile_max_width":0,"ocean_custom_logo_max_height":0,"ocean_custom_logo_tablet_max_height":0,"ocean_custom_logo_mobile_max_height":0,"ocean_header_custom_menu":"0","ocean_menu_typo_font_family":"0","ocean_menu_typo_font_subset":"","ocean_menu_typo_font_size":0,"ocean_menu_typo_font_size_tablet":0,"ocean_menu_typo_font_size_mobile":0,"ocean_menu_typo_font_size_unit":"px","ocean_menu_typo_font_weight":"","ocean_menu_typo_font_weight_tablet":"","ocean_menu_typo_font_weight_mobile":"","ocean_menu_typo_transform":"","ocean_menu_typo_transform_tablet":"","ocean_menu_typo_transform_mobile":"","ocean_menu_typo_line_height":0,"ocean_menu_typo_line_height_tablet":0,"ocean_menu_typo_line_height_mobile":0,"ocean_menu_typo_line_height_unit":"","ocean_menu_typo_spacing":0,"ocean_menu_typo_spacing_tablet":0,"ocean_menu_typo_spacing_mobile":0,"ocean_menu_typo_spacing_unit":"","ocean_menu_link_color":"","ocean_menu_link_color_hover":"","ocean_menu_link_color_active":"","ocean_menu_link_background":"","ocean_menu_link_hover_background":"","ocean_menu_link_active_background":"","ocean_menu_social_links_bg":"","ocean_menu_social_hover_links_bg":"","ocean_menu_social_links_color":"","ocean_menu_social_hover_links_color":"","ocean_disable_title":"on","ocean_disable_heading":"default","ocean_post_title":"","ocean_post_subheading":"","ocean_post_title_style":"","ocean_post_title_background_color":"","ocean_post_title_background":0,"ocean_post_title_bg_image_position":"","ocean_post_title_bg_image_attachment":"","ocean_post_title_bg_image_repeat":"","ocean_post_title_bg_image_size":"","ocean_post_title_height":0,"ocean_post_title_bg_overlay":0.5,"ocean_post_title_bg_overlay_color":"","ocean_disable_breadcrumbs":"off","ocean_breadcrumbs_color":"","ocean_breadcrumbs_separator_color":"","ocean_breadcrumbs_links_color":"","ocean_breadcrumbs_links_hover_color":"","ocean_display_footer_widgets":"default","ocean_display_footer_bottom":"default","ocean_custom_footer_template":"0","footnotes":""},"class_list":["post-202","page","type-page","status-publish","hentry","entry","owp-thumbs-layout-horizontal","owp-btn-normal","owp-tabs-layout-horizontal","has-no-thumbnails","has-product-nav"],"aioseo_notices":[],"_links":{"self":[{"href":"https:\/\/rentacarpanzer.com\/blog\/index.php?rest_route=\/wp\/v2\/pages\/202","targetHints":{"allow":["GET"]}}],"collection":[{"href":"https:\/\/rentacarpanzer.com\/blog\/index.php?rest_route=\/wp\/v2\/pages"}],"about":[{"href":"https:\/\/rentacarpanzer.com\/blog\/index.php?rest_route=\/wp\/v2\/types\/page"}],"author":[{"embeddable":true,"href":"https:\/\/rentacarpanzer.com\/blog\/index.php?rest_route=\/wp\/v2\/users\/1"}],"replies":[{"embeddable":true,"href":"https:\/\/rentacarpanzer.com\/blog\/index.php?rest_route=%2Fwp%2Fv2%2Fcomments&post=202"}],"version-history":[{"count":327,"href":"https:\/\/rentacarpanzer.com\/blog\/index.php?rest_route=\/wp\/v2\/pages\/202\/revisions"}],"predecessor-version":[{"id":1397,"href":"https:\/\/rentacarpanzer.com\/blog\/index.php?rest_route=\/wp\/v2\/pages\/202\/revisions\/1397"}],"wp:attachment":[{"href":"https:\/\/rentacarpanzer.com\/blog\/index.php?rest_route=%2Fwp%2Fv2%2Fmedia&parent=202"}],"curies":[{"name":"wp","href":"https:\/\/api.w.org\/{rel}","templated":true}]}}